{"id":133,"date":"2023-09-26T11:44:36","date_gmt":"2023-09-26T11:44:36","guid":{"rendered":"http:\/\/xcare-demo.pbminfotech.com\/demo1\/?page_id=4511"},"modified":"2025-04-03T23:32:55","modified_gmt":"2025-04-03T23:32:55","slug":"our-doctors","status":"publish","type":"page","link":"https:\/\/merchantpediatricsfamily.com\/es\/our-doctors\/","title":{"rendered":"Merchant Ped \u2013 Nuestros Doctores"},"content":{"rendered":"<div data-elementor-type=\"wp-page\" data-elementor-id=\"133\" class=\"elementor elementor-133\">\n\t\t\t\t\t\t<div class=\"elementor-section elementor-top-section elementor-element elementor-element-72670e3 pbmit-col-stretched-none pbmit-bg-color-over-image elementor-section-boxed elementor-section-height-default elementor-section-height-default\" data-id=\"72670e3\" data-element_type=\"section\">\n\t\t\t\t\t\t<div class=\"elementor-container elementor-column-gap-no\">\n\t\t\t\t\t<div class=\"elementor-column elementor-col-100 elementor-top-column elementor-element elementor-element-6940ff7 pbmit-bg-color-over-image\" data-id=\"6940ff7\" data-element_type=\"column\">\n\t\t\t<div class=\"elementor-widget-wrap elementor-element-populated\">\n\t\t\t\t\t\t<div class=\"elementor-element elementor-element-be057f4 pbmit-ele-header-align-center elementor-widget elementor-widget-pbmit_team_element\" data-id=\"be057f4\" data-element_type=\"widget\" data-widget_type=\"pbmit_team_element.default\">\n\t\t\t\t<div class=\"elementor-widget-container\">\n\t\t\t\t\t\r\n\t\t<div class=\"pbminfotech-element\t\t\tpbminfotech-element-team\t\t\tpbmit-element-team-style-3\t\t\tpbmit-element-viewtype-row-column\t\t\tpbmit-element-column-three\t\t\tpbmit-element-sticky-carousel-false\t\t\tpbmit-element-caroursel-dot-false\t\t\tpbmit-infinite-scroll-no\t\t\tpbmit-infinite-scroll-button-no\t\t\tpbminfotech-gap-default\"\r\n\r\n\t\t\tdata-cpt=\"team\"\r\n\t\t\tdata-totalpagination=\"1\"\r\n\t\t\tdata-style=\"3\"\r\n\t\t\tdata-show=\"6\"\r\n\t\t\tdata-columns=\"3\"\r\n\t\t\tdata-loop=\"false\"\r\n\t\t\tdata-autoplay=\"false\"\r\n\t\t\tdata-center=\"false\"\r\n\t\t\tdata-nav=\"false\"\r\n\t\t\tdata-dots=\"false\"\r\n\t\t\tdata-reverse=\"false\"\r\n\t\t\tdata-speed=\"1000\"\r\n\t\t\tdata-delay=\"4000\"\r\n\t\t\tdata-margin=\"default\"\r\n\t\t\tdata-show-portion=\"false\">\r\n\r\n\t\t\t<div class=\"pbmit-element-inner\">\r\n\t\t\r\n\r\n\t\t\r\n\t\t<div class=\"pbmit-ele-header-area\">\r\n\t\t\t <div class=\"pbmit-heading-subheading pbmit-heading-subheading-style-1  animation-style4\"><h2 class=\"pbmit-element-title\">\r\n\t\t\t\t\r\n\t\t\t\t\tNuestros m\u00e9dicos\r\n\t\t\t\t\r\n\t\t\t\t<\/h2>\r\n\t\t\t<\/div>\t\t\t\t\t<\/div>\r\n\r\n\t\t<div class=\"pbmit-infinite-scroll-data\">{&quot;cpt&quot;:&quot;equipo&quot;,&quot;estilo&quot;:&quot;3&quot;,&quot;mostrar&quot;:6,&quot;ordenar&quot;:&quot;ASC&quot;,&quot;ordenar por&quot;:&quot;t\u00edtulo&quot;}<\/div>\r\n\t\t\t<div class=\"pbmit-element-posts-wrapper row multi-columns-row\">\r\n\t\t\t\t<article class=\"pbmit-ele pbmit-ele-team pbmit-team-style-3 col-md-12 provider pbmit-term-47 pbmit-odd pbmit-col-odd\"><div class=\"pbminfotech-post-item\">\r\n\t<div class=\"pbminfotech-box-content\">\r\n\t\t<div class=\"pbmit-team-title-wapper d-flex\">\r\n\t\t\t<h3 class=\"pbmit-team-title\"><a href=\"https:\/\/merchantpediatricsfamily.com\/es\/doctor\/dr-nazim-merchant\/\">Dr. Nazim Merchant<\/a><\/h3>\r\n\t\t\t\t\t<div class=\"pbminfotech-box-team-position\">M\u00e9dico<\/div>\r\n\t\t\t\t<\/div>\r\n\t\t<div class=\"pbminfotech-team-wrapper\">\r\n\t\t\t<div class=\"pbmit-featured-img-wrapper\"><div class=\"pbmit-featured-wrapper\"><a href=\"https:\/\/merchantpediatricsfamily.com\/es\/doctor\/dr-nazim-merchant\/\"><img fetchpriority=\"high\" decoding=\"async\" width=\"360\" height=\"400\" src=\"https:\/\/merchantpediatricsfamily.com\/wp-content\/uploads\/2025\/01\/IMG_9830_BG-360x400.jpg\" class=\"attachment-pbmit-img-360x400 size-pbmit-img-360x400 wp-post-image\" alt=\"\" srcset=\"https:\/\/merchantpediatricsfamily.com\/wp-content\/uploads\/2025\/01\/IMG_9830_BG-360x400.jpg 360w, https:\/\/merchantpediatricsfamily.com\/wp-content\/uploads\/2025\/01\/IMG_9830_BG-640x710.jpg 640w, https:\/\/merchantpediatricsfamily.com\/wp-content\/uploads\/2025\/01\/IMG_9830_BG-890x990.jpg 890w\" sizes=\"(max-width: 360px) 100vw, 360px\" \/><\/a><\/div><\/div>\t\t<\/div>\t\t\t\t\r\n\t\t<a class=\"pbmit-team-btn\" href=\"https:\/\/merchantpediatricsfamily.com\/es\/doctor\/dr-nazim-merchant\/\"><span class=\"pbmit-button-text\">Leer m\u00e1s<\/span><span class=\"pbmit-button-icon-wrapper\"><span class=\"pbmit-button-icon\"><i class=\"pbmit-base-icon-black-arrow-1\"><\/i><\/span><\/span><\/a>\r\n\t<\/div>\r\n\t<a class=\"pbmit-link\" href=\"https:\/\/merchantpediatricsfamily.com\/es\/doctor\/dr-nazim-merchant\/\"><\/a>\r\n<\/div><\/article><article class=\"pbmit-ele pbmit-ele-team pbmit-team-style-3 col-md-12 provider pbmit-term-47 pbmit-even pbmit-col-even\"><div class=\"pbminfotech-post-item\">\r\n\t<div class=\"pbminfotech-box-content\">\r\n\t\t<div class=\"pbmit-team-title-wapper d-flex\">\r\n\t\t\t<h3 class=\"pbmit-team-title\"><a href=\"https:\/\/merchantpediatricsfamily.com\/es\/doctor\/dr-sohail-merchant\/\">Dr. Sohail Merchant<\/a><\/h3>\r\n\t\t\t\t\t<div class=\"pbminfotech-box-team-position\">M\u00e9dico<\/div>\r\n\t\t\t\t<\/div>\r\n\t\t<div class=\"pbminfotech-team-wrapper\">\r\n\t\t\t<div class=\"pbmit-featured-img-wrapper\"><div class=\"pbmit-featured-wrapper\"><a href=\"https:\/\/merchantpediatricsfamily.com\/es\/doctor\/dr-sohail-merchant\/\"><img decoding=\"async\" width=\"360\" height=\"400\" src=\"https:\/\/merchantpediatricsfamily.com\/wp-content\/uploads\/2025\/01\/IMG_9887_BG-360x400.jpeg\" class=\"attachment-pbmit-img-360x400 size-pbmit-img-360x400 wp-post-image\" alt=\"\" srcset=\"https:\/\/merchantpediatricsfamily.com\/wp-content\/uploads\/2025\/01\/IMG_9887_BG-360x400.jpeg 360w, https:\/\/merchantpediatricsfamily.com\/wp-content\/uploads\/2025\/01\/IMG_9887_BG-640x710.jpeg 640w, https:\/\/merchantpediatricsfamily.com\/wp-content\/uploads\/2025\/01\/IMG_9887_BG-890x990.jpeg 890w\" sizes=\"(max-width: 360px) 100vw, 360px\" \/><\/a><\/div><\/div>\t\t<\/div>\t\t\t\t\r\n\t\t<a class=\"pbmit-team-btn\" href=\"https:\/\/merchantpediatricsfamily.com\/es\/doctor\/dr-sohail-merchant\/\"><span class=\"pbmit-button-text\">Leer m\u00e1s<\/span><span class=\"pbmit-button-icon-wrapper\"><span class=\"pbmit-button-icon\"><i class=\"pbmit-base-icon-black-arrow-1\"><\/i><\/span><\/span><\/a>\r\n\t<\/div>\r\n\t<a class=\"pbmit-link\" href=\"https:\/\/merchantpediatricsfamily.com\/es\/doctor\/dr-sohail-merchant\/\"><\/a>\r\n<\/div><\/article><article class=\"pbmit-ele pbmit-ele-team pbmit-team-style-3 col-md-12 provider pbmit-term-47 pbmit-odd pbmit-col-odd\"><div class=\"pbminfotech-post-item\">\r\n\t<div class=\"pbminfotech-box-content\">\r\n\t\t<div class=\"pbmit-team-title-wapper d-flex\">\r\n\t\t\t<h3 class=\"pbmit-team-title\"><a href=\"https:\/\/merchantpediatricsfamily.com\/es\/doctor\/dr-sujatha-kaki\/\">Dra. Sujatha Kaki<\/a><\/h3>\r\n\t\t\t\t\t<div class=\"pbminfotech-box-team-position\">M\u00e9dico<\/div>\r\n\t\t\t\t<\/div>\r\n\t\t<div class=\"pbminfotech-team-wrapper\">\r\n\t\t\t<div class=\"pbmit-featured-img-wrapper\"><div class=\"pbmit-featured-wrapper\"><a href=\"https:\/\/merchantpediatricsfamily.com\/es\/doctor\/dr-sujatha-kaki\/\"><img decoding=\"async\" width=\"360\" height=\"400\" src=\"https:\/\/merchantpediatricsfamily.com\/wp-content\/uploads\/2025\/01\/IMG_9760_BG-360x400.jpg\" class=\"attachment-pbmit-img-360x400 size-pbmit-img-360x400 wp-post-image\" alt=\"\" srcset=\"https:\/\/merchantpediatricsfamily.com\/wp-content\/uploads\/2025\/01\/IMG_9760_BG-360x400.jpg 360w, https:\/\/merchantpediatricsfamily.com\/wp-content\/uploads\/2025\/01\/IMG_9760_BG-640x710.jpg 640w, https:\/\/merchantpediatricsfamily.com\/wp-content\/uploads\/2025\/01\/IMG_9760_BG-890x990.jpg 890w\" sizes=\"(max-width: 360px) 100vw, 360px\" \/><\/a><\/div><\/div>\t\t<\/div>\t\t\t\t\r\n\t\t<a class=\"pbmit-team-btn\" href=\"https:\/\/merchantpediatricsfamily.com\/es\/doctor\/dr-sujatha-kaki\/\"><span class=\"pbmit-button-text\">Leer m\u00e1s<\/span><span class=\"pbmit-button-icon-wrapper\"><span class=\"pbmit-button-icon\"><i class=\"pbmit-base-icon-black-arrow-1\"><\/i><\/span><\/span><\/a>\r\n\t<\/div>\r\n\t<a class=\"pbmit-link\" href=\"https:\/\/merchantpediatricsfamily.com\/es\/doctor\/dr-sujatha-kaki\/\"><\/a>\r\n<\/div><\/article><article class=\"pbmit-ele pbmit-ele-team pbmit-team-style-3 col-md-12 provider pbmit-term-47 pbmit-even pbmit-col-even\"><div class=\"pbminfotech-post-item\">\r\n\t<div class=\"pbminfotech-box-content\">\r\n\t\t<div class=\"pbmit-team-title-wapper d-flex\">\r\n\t\t\t<h3 class=\"pbmit-team-title\"><a href=\"https:\/\/merchantpediatricsfamily.com\/es\/doctor\/dr-tiffany-blockson\/\">Dra. Tiffany Blockson<\/a><\/h3>\r\n\t\t\t\t\t<div class=\"pbminfotech-box-team-position\">M\u00e9dico<\/div>\r\n\t\t\t\t<\/div>\r\n\t\t<div class=\"pbminfotech-team-wrapper\">\r\n\t\t\t<div class=\"pbmit-featured-img-wrapper\"><div class=\"pbmit-featured-wrapper\"><a href=\"https:\/\/merchantpediatricsfamily.com\/es\/doctor\/dr-tiffany-blockson\/\"><img loading=\"lazy\" decoding=\"async\" width=\"360\" height=\"400\" src=\"https:\/\/merchantpediatricsfamily.com\/wp-content\/uploads\/2025\/01\/IMG_9749_BGv2-360x400.jpg\" class=\"attachment-pbmit-img-360x400 size-pbmit-img-360x400 wp-post-image\" alt=\"\" srcset=\"https:\/\/merchantpediatricsfamily.com\/wp-content\/uploads\/2025\/01\/IMG_9749_BGv2-360x400.jpg 360w, https:\/\/merchantpediatricsfamily.com\/wp-content\/uploads\/2025\/01\/IMG_9749_BGv2-640x710.jpg 640w, https:\/\/merchantpediatricsfamily.com\/wp-content\/uploads\/2025\/01\/IMG_9749_BGv2-890x990.jpg 890w\" sizes=\"(max-width: 360px) 100vw, 360px\" \/><\/a><\/div><\/div>\t\t<\/div>\t\t\t\t\r\n\t\t<a class=\"pbmit-team-btn\" href=\"https:\/\/merchantpediatricsfamily.com\/es\/doctor\/dr-tiffany-blockson\/\"><span class=\"pbmit-button-text\">Leer m\u00e1s<\/span><span class=\"pbmit-button-icon-wrapper\"><span class=\"pbmit-button-icon\"><i class=\"pbmit-base-icon-black-arrow-1\"><\/i><\/span><\/span><\/a>\r\n\t<\/div>\r\n\t<a class=\"pbmit-link\" href=\"https:\/\/merchantpediatricsfamily.com\/es\/doctor\/dr-tiffany-blockson\/\"><\/a>\r\n<\/div><\/article><article class=\"pbmit-ele pbmit-ele-team pbmit-team-style-3 col-md-12 provider pbmit-term-47 pbmit-odd pbmit-col-odd\"><div class=\"pbminfotech-post-item\">\r\n\t<div class=\"pbminfotech-box-content\">\r\n\t\t<div class=\"pbmit-team-title-wapper d-flex\">\r\n\t\t\t<h3 class=\"pbmit-team-title\"><a href=\"https:\/\/merchantpediatricsfamily.com\/es\/doctor\/soraya-roa\/\">Soraya Roa MSN, FNP-BC, NP-C<\/a><\/h3>\r\n\t\t\t\t\t<div class=\"pbminfotech-box-team-position\">M\u00e9dico<\/div>\r\n\t\t\t\t<\/div>\r\n\t\t<div class=\"pbminfotech-team-wrapper\">\r\n\t\t\t<div class=\"pbmit-featured-img-wrapper\"><div class=\"pbmit-featured-wrapper\"><a href=\"https:\/\/merchantpediatricsfamily.com\/es\/doctor\/soraya-roa\/\"><img loading=\"lazy\" decoding=\"async\" width=\"360\" height=\"400\" src=\"https:\/\/merchantpediatricsfamily.com\/wp-content\/uploads\/2025\/01\/IMG_9754_BG-360x400.jpg\" class=\"attachment-pbmit-img-360x400 size-pbmit-img-360x400 wp-post-image\" alt=\"\" srcset=\"https:\/\/merchantpediatricsfamily.com\/wp-content\/uploads\/2025\/01\/IMG_9754_BG-360x400.jpg 360w, https:\/\/merchantpediatricsfamily.com\/wp-content\/uploads\/2025\/01\/IMG_9754_BG-640x710.jpg 640w, https:\/\/merchantpediatricsfamily.com\/wp-content\/uploads\/2025\/01\/IMG_9754_BG-890x990.jpg 890w\" sizes=\"(max-width: 360px) 100vw, 360px\" \/><\/a><\/div><\/div>\t\t<\/div>\t\t\t\t\r\n\t\t<a class=\"pbmit-team-btn\" href=\"https:\/\/merchantpediatricsfamily.com\/es\/doctor\/soraya-roa\/\"><span class=\"pbmit-button-text\">Leer m\u00e1s<\/span><span class=\"pbmit-button-icon-wrapper\"><span class=\"pbmit-button-icon\"><i class=\"pbmit-base-icon-black-arrow-1\"><\/i><\/span><\/span><\/a>\r\n\t<\/div>\r\n\t<a class=\"pbmit-link\" href=\"https:\/\/merchantpediatricsfamily.com\/es\/doctor\/soraya-roa\/\"><\/a>\r\n<\/div><\/article>\t\t\t<\/div>\r\n\t\t\t\r\n\t\t\r\n\t\t\r\n\t\t\t\t\t<\/div><!-- .pbmit-element-inner -->\r\n\t\t<\/div><!-- .pbminfotech-element -->\r\n\r\n\t\t\t\t\t\t\t\t<\/div>\n\t\t\t\t<\/div>\n\t\t\t\t\t<\/div>\n\t\t<\/div>\n\t\t\t\t\t<\/div>\n\t\t<\/div>\n\t\t\t\t<\/div>","protected":false},"excerpt":{"rendered":"<p>Nuestros Doctores {\u201ccpt\u201d:\u201dteam\u201d,\u201dstyle\u201d:\u201d3\u2033,\u201dshow\u201d:6,\u201dorder\u201d:\u201dASC\u201d,\u201dorderby\u201d:\u201dtitle\u201d} Dr. Nazim Merchant M\u00e9dico Leer m\u00e1s Dr. Sohail Merchant M\u00e9dico Leer m\u00e1s Dra. Sujatha Kaki M\u00e9dica Leer m\u00e1s Dra. Tiffany Blockson M\u00e9dica Leer m\u00e1s Soraya Roa M\u00e9dica Leer m\u00e1s<\/p>","protected":false},"author":1,"featured_media":0,"parent":0,"menu_order":6,"comment_status":"closed","ping_status":"closed","template":"","meta":{"_acf_changed":false,"inline_featured_image":false,"footnotes":""},"class_list":["post-133","page","type-page","status-publish","hentry"],"acf":[],"_links":{"self":[{"href":"https:\/\/merchantpediatricsfamily.com\/es\/wp-json\/wp\/v2\/pages\/133","targetHints":{"allow":["GET"]}}],"collection":[{"href":"https:\/\/merchantpediatricsfamily.com\/es\/wp-json\/wp\/v2\/pages"}],"about":[{"href":"https:\/\/merchantpediatricsfamily.com\/es\/wp-json\/wp\/v2\/types\/page"}],"author":[{"embeddable":true,"href":"https:\/\/merchantpediatricsfamily.com\/es\/wp-json\/wp\/v2\/users\/1"}],"replies":[{"embeddable":true,"href":"https:\/\/merchantpediatricsfamily.com\/es\/wp-json\/wp\/v2\/comments?post=133"}],"version-history":[{"count":11,"href":"https:\/\/merchantpediatricsfamily.com\/es\/wp-json\/wp\/v2\/pages\/133\/revisions"}],"predecessor-version":[{"id":1077,"href":"https:\/\/merchantpediatricsfamily.com\/es\/wp-json\/wp\/v2\/pages\/133\/revisions\/1077"}],"wp:attachment":[{"href":"https:\/\/merchantpediatricsfamily.com\/es\/wp-json\/wp\/v2\/media?parent=133"}],"curies":[{"name":"wp","href":"https:\/\/api.w.org\/{rel}","templated":true}]}}