{"id":847,"date":"2025-01-15T20:44:23","date_gmt":"2025-01-15T20:44:23","guid":{"rendered":"https:\/\/merchantpediatricsfamily.com\/?page_id=847"},"modified":"2025-03-21T00:59:52","modified_gmt":"2025-03-21T00:59:52","slug":"careers","status":"publish","type":"page","link":"https:\/\/merchantpediatricsfamily.com\/es\/careers\/","title":{"rendered":"Merchant Ped \u2013 Carreras"},"content":{"rendered":"<div data-elementor-type=\"wp-page\" data-elementor-id=\"847\" class=\"elementor elementor-847\">\n\t\t\t\t\t\t<section class=\"elementor-section elementor-top-section elementor-element elementor-element-ec08e1a elementor-section-content-middle pbmit-col-stretched-none pbmit-bg-color-over-image elementor-section-boxed elementor-section-height-default elementor-section-height-default\" data-id=\"ec08e1a\" data-element_type=\"section\">\n\t\t\t\t\t\t<div class=\"elementor-container elementor-column-gap-no\">\n\t\t\t\t\t<div class=\"elementor-column elementor-col-100 elementor-top-column elementor-element elementor-element-20d535fc pbmit-bg-color-over-image\" data-id=\"20d535fc\" data-element_type=\"column\">\n\t\t\t<div class=\"elementor-widget-wrap elementor-element-populated\">\n\t\t\t\t\t\t<div class=\"elementor-element elementor-element-2ec78a6e elementor-widget elementor-widget-heading\" data-id=\"2ec78a6e\" data-element_type=\"widget\" data-widget_type=\"heading.default\">\n\t\t\t\t<div class=\"elementor-widget-container\">\n\t\t\t\t\t<h4 class=\"elementor-heading-title elementor-size-default\">\u00a1\u00danete a la familia Merchant Pediatric!<\/h4>\t\t\t\t<\/div>\n\t\t\t\t<\/div>\n\t\t\t\t<div class=\"elementor-element elementor-element-67386f8 elementor-widget elementor-widget-text-editor\" data-id=\"67386f8\" data-element_type=\"widget\" data-widget_type=\"text-editor.default\">\n\t\t\t\t<div class=\"elementor-widget-container\">\n\t\t\t\t\t\t\t\t\t<p>\u00bfEst\u00e1s listo para formar parte de algo extraordinario? En Merchant Pediatrics, somos m\u00e1s que un simple lugar de trabajo: somos una comunidad de personas apasionadas que trabajan juntas para marcar la diferencia. Siempre buscamos personas talentosas y motivadas que compartan nuestra visi\u00f3n y quieran crecer con nosotros.<\/p><p>Tanto si eres un profesional con experiencia como si est\u00e1s empezando tu carrera profesional, Merchant Pediatrics te ofrece oportunidades emocionantes para desafiarte a ti mismo, desarrollar tus habilidades y realizar contribuciones significativas en un entorno de apoyo. Nuestra cultura celebra la innovaci\u00f3n, fomenta la diversidad y premia la excelencia.<\/p><p>Explora nuestras oportunidades actuales a continuaci\u00f3n y descubre por qu\u00e9 Merchant Pediatrics podr\u00eda ser el siguiente paso ideal en tu carrera profesional. No solo ofrecemos empleos, sino carreras con prop\u00f3sito.<\/p>\t\t\t\t\t\t\t\t<\/div>\n\t\t\t\t<\/div>\n\t\t\t\t\t<\/div>\n\t\t<\/div>\n\t\t\t\t\t<\/div>\n\t\t<\/section>\n\t\t\t\t<section class=\"elementor-section elementor-top-section elementor-element elementor-element-00ce917 pbmit-col-stretched-none pbmit-bg-color-over-image elementor-section-boxed elementor-section-height-default elementor-section-height-default\" data-id=\"00ce917\" data-element_type=\"section\">\n\t\t\t\t\t\t<div class=\"elementor-container elementor-column-gap-default\">\n\t\t\t\t\t<div class=\"elementor-column elementor-col-100 elementor-top-column elementor-element elementor-element-b0828f4 pbmit-bg-color-over-image\" data-id=\"b0828f4\" data-element_type=\"column\">\n\t\t\t<div class=\"elementor-widget-wrap elementor-element-populated\">\n\t\t\t\t\t\t<div class=\"elementor-element elementor-element-f8e5073 elementor-widget elementor-widget-html\" data-id=\"f8e5073\" data-element_type=\"widget\" data-widget_type=\"html.default\">\n\t\t\t\t<div class=\"elementor-widget-container\">\n\t\t\t\t\t<div id=\"indeed-widget-container\">\r\n    <!-- Button Container for Centering -->\r\n    <div class=\"button-container\">\r\n        <a href=\"https:\/\/www.indeed.com\/cmp\/Merchant-Pediatrics\/jobs\" \r\n           class=\"indeed-apply-button\"\r\n           target=\"_blank\"\r\n           rel=\"noopener noreferrer\">\r\n            Ver todos los trabajos en Merchant Pediatrics\r\n        <\/a>\r\n    <\/div>\r\n\r\n    <!-- Job Status Message -->\r\n    <div class=\"job-status-message\">\r\n        Actualmente no hay ofertas de empleo activas. Haz clic en el bot\u00f3n de arriba para consultar nuestra p\u00e1gina de Indeed y ver las \u00faltimas oportunidades.\r\n    <\/div>\r\n<\/div>\r\n\r\n<style>\r\n#indeed-widget-container {\r\n    max-width: 1200px;\r\n    margin: 0 auto;\r\n    padding: 20px;\r\n    font-family: -apple-system, BlinkMacSystemFont, \"Segoe UI\", Roboto, Arial, sans-serif;\r\n}\r\n\r\n.button-container {\r\n    width: 100%;\r\n    text-align: center;\r\n    margin-bottom: 20px;\r\n}\r\n\r\n.indeed-apply-button {\r\n    display: inline-block;\r\n    background-color: #2557a7;\r\n    color: white !important; \/* Force white text *\/\r\n    padding: 12px 24px;\r\n    text-decoration: none;\r\n    border-radius: 4px;\r\n    font-weight: 600;\r\n    transition: background-color 0.3s ease;\r\n}\r\n\r\n.indeed-apply-button:hover {\r\n    background-color: #1e4687;\r\n    color: white !important;\r\n    text-decoration: none;\r\n}\r\n\r\n.job-status-message {\r\n    text-align: center;\r\n    color: #666;\r\n    padding: 30px;\r\n    background: #f9f9f9;\r\n    border-radius: 8px;\r\n    margin-top: 20px;\r\n    border: 1px solid #e0e0e0;\r\n}\r\n\r\n@media (max-width: 768px) {\r\n    #indeed-widget-container {\r\n        padding: 15px;\r\n    }\r\n    \r\n    .indeed-apply-button {\r\n        display: inline-block;\r\n        min-width: 200px;\r\n    }\r\n}\r\n<\/style>\r\n\t\t\t\t<\/div>\n\t\t\t\t<\/div>\n\t\t\t\t\t<\/div>\n\t\t<\/div>\n\t\t\t\t\t<\/div>\n\t\t<\/section>\n\t\t\t\t<\/div>","protected":false},"excerpt":{"rendered":"<p>\u00a1\u00danete a la familia Merchant Pediatric! \u00bfListo para formar parte de algo extraordinario? En Merchant Pediatrics, somos m\u00e1s que un simple lugar de trabajo: somos una comunidad de personas apasionadas que trabajan juntas para marcar la diferencia. Siempre buscamos personas talentosas y motivadas que compartan nuestra visi\u00f3n y quieran crecer con nosotros. Ya sea que est\u00e9s [\u2026]<\/p>","protected":false},"author":1,"featured_media":0,"parent":0,"menu_order":10,"comment_status":"closed","ping_status":"closed","template":"","meta":{"_acf_changed":false,"inline_featured_image":false,"footnotes":""},"class_list":["post-847","page","type-page","status-publish","hentry"],"acf":[],"_links":{"self":[{"href":"https:\/\/merchantpediatricsfamily.com\/es\/wp-json\/wp\/v2\/pages\/847","targetHints":{"allow":["GET"]}}],"collection":[{"href":"https:\/\/merchantpediatricsfamily.com\/es\/wp-json\/wp\/v2\/pages"}],"about":[{"href":"https:\/\/merchantpediatricsfamily.com\/es\/wp-json\/wp\/v2\/types\/page"}],"author":[{"embeddable":true,"href":"https:\/\/merchantpediatricsfamily.com\/es\/wp-json\/wp\/v2\/users\/1"}],"replies":[{"embeddable":true,"href":"https:\/\/merchantpediatricsfamily.com\/es\/wp-json\/wp\/v2\/comments?post=847"}],"version-history":[{"count":32,"href":"https:\/\/merchantpediatricsfamily.com\/es\/wp-json\/wp\/v2\/pages\/847\/revisions"}],"predecessor-version":[{"id":1037,"href":"https:\/\/merchantpediatricsfamily.com\/es\/wp-json\/wp\/v2\/pages\/847\/revisions\/1037"}],"wp:attachment":[{"href":"https:\/\/merchantpediatricsfamily.com\/es\/wp-json\/wp\/v2\/media?parent=847"}],"curies":[{"name":"wp","href":"https:\/\/api.w.org\/{rel}","templated":true}]}}